{"id":387,"date":"2018-10-23T02:00:47","date_gmt":"2018-10-23T06:00:47","guid":{"rendered":"https:\/\/waterfronth.wpengine.com\/?page_id=387"},"modified":"2018-10-24T10:27:30","modified_gmt":"2018-10-24T14:27:30","slug":"por-que-waterfront-holland","status":"publish","type":"page","link":"https:\/\/waterfrontholland.org\/es\/por-que-waterfront-holland\/","title":{"rendered":"Por qu\u00e9 Waterfront Holland"},"content":{"rendered":"<p>[et_pb_section bb_built=\u00bb1&#8243; module_class=\u00bbheader header&#8211;hero\u00bb _builder_version=\u00bb3.15&#8243; use_background_color_gradient=\u00bbon\u00bb background_color_gradient_start=\u00bbrgba(249,238,197,0.5)\u00bb background_color_gradient_end=\u00bbrgba(155,210,219,0.5)\u00bb background_color_gradient_direction=\u00bb90deg\u00bb background_color_gradient_end_position=\u00bb66%\u00bb background_image=\u00bbhttps:\/\/waterfrontholland.org\/wp-content\/uploads\/2018\/10\/wavy-lines.png\u00bb background_repeat=\u00bbrepeat-x\u00bb next_background_color=\u00bb#ffffff\u00bb][et_pb_row make_fullwidth=\u00bbon\u00bb _builder_version=\u00bb3.15&#8243;][et_pb_column type=\u00bb4_4&#8243;][et_pb_text module_class=\u00bbadd-dingbat add-dingbat&#8211;right\u00bb _builder_version=\u00bb3.17.1&#8243; text_font=\u00bb||||||||\u00bb link_font=\u00bb||||||||\u00bb ul_font=\u00bb||||||||\u00bb ol_font=\u00bb||||||||\u00bb max_width_tablet=\u00bb80%\u00bb max_width_phone=\u00bb100%\u00bb max_width_last_edited=\u00bboff|desktop\u00bb module_alignment=\u00bbcenter\u00bb]<\/p>\n<h1>Por qu\u00e9 Waterfront Holland<\/h1>\n<p>[\/et_pb_text][\/et_pb_column][\/et_pb_row][\/et_pb_section][et_pb_section bb_built=\u00bb1&#8243; _builder_version=\u00bb3.15&#8243; prev_background_color=\u00bb#000000&#8243; next_background_color=\u00bbrgba(230,230,230,0.25)\u00bb][et_pb_row make_equal=\u00bbon\u00bb _builder_version=\u00bb3.15&#8243;][et_pb_column type=\u00bb1_2&#8243;][et_pb_text _builder_version=\u00bb3.17.1&#8243;]<\/p>\n<h2 id=\"E241\" class=\"qowt-stl-Heading2\">C\u00f3mo hemos llegado a este punto<\/h2>\n<p id=\"E245\">Construida originalmente hace casi 80 a\u00f1os, la central el\u00e9ctrica de carb\u00f3n James De Young en la Avenida Pine ha provisto a la comunidad de Holland de electricidad confiable durante d\u00e9cadas, expandi\u00e9ndose para satisfacer la creciente demanda en 1960 y 1968. La planta oficialmente ces\u00f3 de quemar carb\u00f3n en abril de 2016 y se clausur\u00f3 en 2017. Los funcionarios de la ciudad comenzaron a planear los siguientes pasos, pero pronto se dieron cuenta de que la conversaci\u00f3n sobre JDY era parte de una conversaci\u00f3n m\u00e1s amplia sobre el \u00e1rea del centro a orillas del agua.<\/p>\n<p>[\/et_pb_text][\/et_pb_column][et_pb_column type=\u00bb1_2&#8243;][et_pb_image src=\u00bbhttps:\/\/waterfrontholland.org\/wp-content\/uploads\/2018\/10\/jdy-image-how-we-got-here.jpg\u00bb _builder_version=\u00bb3.15&#8243;]<br \/>\n[\/et_pb_image][\/et_pb_column][\/et_pb_row][\/et_pb_section][et_pb_section bb_built=\u00bb1&#8243; _builder_version=\u00bb3.15&#8243; background_color=\u00bbrgba(230,230,230,0.25)\u00bb prev_background_color=\u00bb#ffffff\u00bb next_background_color=\u00bb#ffffff\u00bb][et_pb_row make_fullwidth=\u00bbon\u00bb make_equal=\u00bbon\u00bb _builder_version=\u00bb3.15&#8243;][et_pb_column type=\u00bb1_2&#8243;][et_pb_image src=\u00bbhttps:\/\/waterfrontholland.org\/wp-content\/uploads\/2018\/10\/JDY-Map-1.png\u00bb _builder_version=\u00bb3.16.1&#8243;]<br \/>\n[\/et_pb_image][\/et_pb_column][et_pb_column type=\u00bb1_2&#8243;][et_pb_text _builder_version=\u00bb3.17.1&#8243; max_width=\u00bb450px\u00bb max_width_last_edited=\u00bbon|desktop\u00bb module_alignment=\u00bbleft\u00bb custom_margin=\u00bb||2rem|\u00bb]<\/p>\n<h2>\u00bfQu\u00e9 se entiende como \u00abWaterfront\u00bb?<\/h2>\n<p>En el sentido m\u00e1s amplio nuestra \u00e1rea del centro a orillas del agua se extiende hacia el este desde South Shore Village por el Lago Macatawa y el R\u00edo Macatawa al Parque de Energ\u00eda de Holland, y al noroeste al Parque Dunton. El sitio JDY se encuentra cerca del centro donde el r\u00edo desemboca en al Lago Macatawa.<\/p>\n<p>[\/et_pb_text][et_pb_button button_url=\u00bb\/es\/por-que-waterfront-holland\/plano-del-area-a-orillas-del-agua\/\u00bb button_text=\u00bbPlano del \u00e1rea a orillas del agua\u00bb _builder_version=\u00bb3.17.1&#8243; button_text_size__hover_enabled=\u00bboff\u00bb button_text_size__hover=\u00bbnull\u00bb button_one_text_size__hover_enabled=\u00bboff\u00bb button_one_text_size__hover=\u00bbnull\u00bb button_two_text_size__hover_enabled=\u00bboff\u00bb button_two_text_size__hover=\u00bbnull\u00bb button_text_color__hover_enabled=\u00bboff\u00bb button_text_color__hover=\u00bbnull\u00bb button_one_text_color__hover_enabled=\u00bboff\u00bb button_one_text_color__hover=\u00bbnull\u00bb button_two_text_color__hover_enabled=\u00bboff\u00bb button_two_text_color__hover=\u00bbnull\u00bb button_border_width__hover_enabled=\u00bboff\u00bb button_border_width__hover=\u00bbnull\u00bb button_one_border_width__hover_enabled=\u00bboff\u00bb button_one_border_width__hover=\u00bbnull\u00bb button_two_border_width__hover_enabled=\u00bboff\u00bb button_two_border_width__hover=\u00bbnull\u00bb button_border_color__hover_enabled=\u00bboff\u00bb button_border_color__hover=\u00bbnull\u00bb button_one_border_color__hover_enabled=\u00bboff\u00bb button_one_border_color__hover=\u00bbnull\u00bb button_two_border_color__hover_enabled=\u00bboff\u00bb button_two_border_color__hover=\u00bbnull\u00bb button_border_radius__hover_enabled=\u00bboff\u00bb button_border_radius__hover=\u00bbnull\u00bb button_one_border_radius__hover_enabled=\u00bboff\u00bb button_one_border_radius__hover=\u00bbnull\u00bb button_two_border_radius__hover_enabled=\u00bboff\u00bb button_two_border_radius__hover=\u00bbnull\u00bb button_letter_spacing__hover_enabled=\u00bboff\u00bb button_letter_spacing__hover=\u00bbnull\u00bb button_one_letter_spacing__hover_enabled=\u00bboff\u00bb button_one_letter_spacing__hover=\u00bbnull\u00bb button_two_letter_spacing__hover_enabled=\u00bboff\u00bb button_two_letter_spacing__hover=\u00bbnull\u00bb button_bg_color__hover_enabled=\u00bboff\u00bb button_bg_color__hover=\u00bbnull\u00bb button_one_bg_color__hover_enabled=\u00bboff\u00bb button_one_bg_color__hover=\u00bbnull\u00bb button_two_bg_color__hover_enabled=\u00bboff\u00bb button_two_bg_color__hover=\u00bbnull\u00bb]<br \/>\n[\/et_pb_button][\/et_pb_column][\/et_pb_row][\/et_pb_section][et_pb_section bb_built=\u00bb1&#8243; _builder_version=\u00bb3.15&#8243; prev_background_color=\u00bbrgba(230,230,230,0.25)\u00bb next_background_color=\u00bbrgba(0,0,0,0)\u00bb][et_pb_row _builder_version=\u00bb3.15&#8243;][et_pb_column type=\u00bb4_4&#8243;][et_pb_text module_class=\u00bbadd-dingbat\u00bb _builder_version=\u00bb3.17.1&#8243; text_orientation=\u00bbcenter\u00bb max_width=\u00bb70%\u00bb max_width_last_edited=\u00bbon|phone\u00bb module_alignment=\u00bbcenter\u00bb]<\/p>\n<h2 id=\"E252\" class=\"qowt-stl-Heading2\">\u00bfPor qu\u00e9 ahora?<\/h2>\n<p id=\"E256\">Actualmente no hay plan ni l\u00ednea de tiempo espec\u00edficos para lo que se va a hacer con el sitio JDY y nuestra comunidad debe participar en su formaci\u00f3n. Tenemos la oportunidad de comenzar a hablar hoy sobre lo que queremos tener en dicha \u00e1rea a corto plazo y en el futuro a medida que surjan oportunidades adicionales. Y, la calidad del trabajo que hagamos ahora para formar una visi\u00f3n y un marco de referencia de principios dar\u00e1 forma al \u00e1rea a orillas de agua durante muchas d\u00e9cadas.<\/p>\n<p>[\/et_pb_text][\/et_pb_column][\/et_pb_row][\/et_pb_section][et_pb_section bb_built=\u00bb1&#8243; _builder_version=\u00bb3.15&#8243; background_color=\u00bbrgba(0,0,0,0)\u00bb use_background_color_gradient=\u00bbon\u00bb background_color_gradient_start=\u00bbrgba(249,238,197,0.5)\u00bb background_color_gradient_end=\u00bbrgba(155,210,219,0.5)\u00bb background_color_gradient_direction=\u00bb90deg\u00bb background_color_gradient_end_position=\u00bb66%\u00bb background_image=\u00bbhttps:\/\/waterfrontholland.org\/wp-content\/uploads\/2018\/10\/jdy-power-plant-white.jpg\u00bb parallax=\u00bbon\u00bb prev_background_color=\u00bb#ffffff\u00bb next_background_color=\u00bb#ffffff\u00bb][et_pb_row _builder_version=\u00bb3.15&#8243;][et_pb_column type=\u00bb4_4&#8243;][et_pb_text _builder_version=\u00bb3.17.1&#8243; text_font=\u00bb||||||||\u00bb text_orientation=\u00bbcenter\u00bb max_width_tablet=\u00bb80%\u00bb max_width_phone=\u00bb100%\u00bb max_width_last_edited=\u00bboff|desktop\u00bb module_alignment=\u00bbcenter\u00bb]<\/p>\n<h2 id=\"E259\" class=\"qowt-stl-Heading3\">Necesitamos la ayuda de usted<\/h2>\n<p>Ya es hora de que le escuchemos a usted. A trav\u00e9s de acercamiento a la comunidad, talleres de visi\u00f3n y otras reuniones p\u00fablicas, estamos ansiosos por escuchar y capturar sus ideas para lo que siga.<\/p>\n<p>[\/et_pb_text][et_pb_button button_url=\u00bb\/es\/envienos-sus-comentarios\/\u00bb button_text=\u00bbD\u00edganos lo que piensa\u00bb button_alignment=\u00bbcenter\u00bb _builder_version=\u00bb3.17.1&#8243; button_text_size__hover_enabled=\u00bboff\u00bb button_text_size__hover=\u00bbnull\u00bb button_one_text_size__hover_enabled=\u00bboff\u00bb button_one_text_size__hover=\u00bbnull\u00bb button_two_text_size__hover_enabled=\u00bboff\u00bb button_two_text_size__hover=\u00bbnull\u00bb button_text_color__hover_enabled=\u00bboff\u00bb button_text_color__hover=\u00bbnull\u00bb button_one_text_color__hover_enabled=\u00bboff\u00bb button_one_text_color__hover=\u00bbnull\u00bb button_two_text_color__hover_enabled=\u00bboff\u00bb button_two_text_color__hover=\u00bbnull\u00bb button_border_width__hover_enabled=\u00bboff\u00bb button_border_width__hover=\u00bbnull\u00bb button_one_border_width__hover_enabled=\u00bboff\u00bb button_one_border_width__hover=\u00bbnull\u00bb button_two_border_width__hover_enabled=\u00bboff\u00bb button_two_border_width__hover=\u00bbnull\u00bb button_border_color__hover_enabled=\u00bboff\u00bb button_border_color__hover=\u00bbnull\u00bb button_one_border_color__hover_enabled=\u00bboff\u00bb button_one_border_color__hover=\u00bbnull\u00bb button_two_border_color__hover_enabled=\u00bboff\u00bb button_two_border_color__hover=\u00bbnull\u00bb button_border_radius__hover_enabled=\u00bboff\u00bb button_border_radius__hover=\u00bbnull\u00bb button_one_border_radius__hover_enabled=\u00bboff\u00bb button_one_border_radius__hover=\u00bbnull\u00bb button_two_border_radius__hover_enabled=\u00bboff\u00bb button_two_border_radius__hover=\u00bbnull\u00bb button_letter_spacing__hover_enabled=\u00bboff\u00bb button_letter_spacing__hover=\u00bbnull\u00bb button_one_letter_spacing__hover_enabled=\u00bboff\u00bb button_one_letter_spacing__hover=\u00bbnull\u00bb button_two_letter_spacing__hover_enabled=\u00bboff\u00bb button_two_letter_spacing__hover=\u00bbnull\u00bb button_bg_color__hover_enabled=\u00bboff\u00bb button_bg_color__hover=\u00bbnull\u00bb button_one_bg_color__hover_enabled=\u00bboff\u00bb button_one_bg_color__hover=\u00bbnull\u00bb button_two_bg_color__hover_enabled=\u00bboff\u00bb button_two_bg_color__hover=\u00bbnull\u00bb]<br \/>\n[\/et_pb_button][\/et_pb_column][\/et_pb_row][\/et_pb_section][et_pb_section bb_built=\u00bb1&#8243; module_id=\u00bbglossary\u00bb _builder_version=\u00bb3.15&#8243; prev_background_color=\u00bbrgba(0,0,0,0)\u00bb][et_pb_row _builder_version=\u00bb3.15&#8243;][et_pb_column type=\u00bb4_4&#8243;][et_pb_text module_class=\u00bbadd-dingbat\u00bb _builder_version=\u00bb3.17.1&#8243; max_width=\u00bb70%\u00bb max_width_last_edited=\u00bbon|tablet\u00bb module_alignment=\u00bbcenter\u00bb]<\/p>\n<h2 style=\"text-align: center;\">Glosario de t\u00e9rminos clave<\/h2>\n<h3>Visi\u00f3n<\/h3>\n<p>No m\u00e1s que un p\u00e1rrafo, una visi\u00f3n es una declaraci\u00f3n amplia que ayuda a articular un \u00abesp\u00edritu\u00bb y una \u00abesencia\u00bb, sin prescribir demasiados detalles. Compuesta por elementos, tales como \u00abdar la bienvenida a todos\u00bb, o \u00abhacer resaltar el ambiente natural\u00bb, la visi\u00f3n describir\u00e1 las caracter\u00edsticas y funciones clave del \u00e1rea del centro de Holland a orillas del agua.<\/p>\n<h3>Escenario<\/h3>\n<div class=\"PD IF\">\n<div id=\":5y.co\" class=\"JL\">\n<div id=\":62.ma\" class=\"Mu SP\" data-tooltip=\"October 24, 2018 at 10:16:46 AM UTC-4\"><span id=\":62.co\" class=\"tL8wMe EMoHub\" dir=\"ltr\">Un escenario es una propuesta m\u00e1s espec\u00edfica que describe un enfoque y una l\u00ednea de tiempo de desarrollo. Los escenarios son lo suficientemente espec\u00edficos en concepto para ser ilustrados y estudiados. Y los usos y detalles de un escenario pueden informar la zonificaci\u00f3n future.<\/span><\/div>\n<div data-tooltip=\"October 24, 2018 at 10:16:46 AM UTC-4\"><\/div>\n<\/div>\n<\/div>\n<h3>Marco de referencia<\/h3>\n<p>Un conjunto de principios cr\u00edticos que servir\u00e1n como r\u00fabrica para lo apropiado de los desarrollos propuestos en \u00e1reas abiertas del \u00e1rea a orillas del agua.<\/p>\n<h3>\u00c1rea a orillas del agua<\/h3>\n<p>El alcance m\u00e1s amplio del \u00ab\u00e1rea a orillas del agua\u00bb se extiende al este desde South Shore Village por el Lago Macatawa y el R\u00edo Macatawa al Parque de Energ\u00eda de Holland, y al noroeste al Parque Dunton.<\/p>\n<h3>JDY<\/h3>\n<p>Acr\u00f3nimo de la central el\u00e9ctrica James De Young, que incluye todo el sitio, no s\u00f3lo el edificio en s\u00ed.<\/p>\n<h3>Vecindarios\/Distritos<\/h3>\n<p>Estar en un \u00abvecindario\u00bb o \u00abdistrito\u00bb es estar rodeado de caracter\u00edsticas comunes que crean un sentido de lugar. El \u00e1rea del centro a orillas del agua contiene varios vecindarios\/distritos &#8212; algunos industriales, algunos residenciales, algunos p\u00fablicos y algunos comerciales.<\/p>\n<p>[\/et_pb_text][\/et_pb_column][\/et_pb_row][\/et_pb_section]<\/p>\n","protected":false},"excerpt":{"rendered":"<p>Por qu\u00e9 Waterfront Holland C\u00f3mo hemos llegado a este punto Construida originalmente hace casi 80 a\u00f1os, la central el\u00e9ctrica de carb\u00f3n James De Young en la Avenida Pine ha provisto a la comunidad de Holland de electricidad confiable durante d\u00e9cadas, expandi\u00e9ndose para satisfacer la creciente demanda en 1960 y 1968. La planta oficialmente ces\u00f3 de [&hellip;]<\/p>\n","protected":false},"author":2,"featured_media":0,"parent":0,"menu_order":0,"comment_status":"closed","ping_status":"closed","template":"","meta":{"_et_pb_use_builder":"on","_et_pb_old_content":"","_et_gb_content_width":"","footnotes":""},"class_list":["post-387","page","type-page","status-publish","hentry"],"yoast_head":"<!-- This site is optimized with the Yoast SEO plugin v27.4 - https:\/\/yoast.com\/product\/yoast-seo-wordpress\/ -->\n<title>Por qu\u00e9 Waterfront Holland - Waterfront Holland<\/title>\n<meta name=\"robots\" content=\"index, follow, max-snippet:-1, max-image-preview:large, max-video-preview:-1\" \/>\n<link rel=\"canonical\" href=\"https:\/\/waterfrontholland.org\/es\/por-que-waterfront-holland\/\" \/>\n<meta property=\"og:locale\" content=\"es_ES\" \/>\n<meta property=\"og:type\" content=\"article\" \/>\n<meta property=\"og:title\" content=\"Por qu\u00e9 Waterfront Holland - Waterfront Holland\" \/>\n<meta property=\"og:description\" content=\"Por qu\u00e9 Waterfront Holland C\u00f3mo hemos llegado a este punto Construida originalmente hace casi 80 a\u00f1os, la central el\u00e9ctrica de carb\u00f3n James De Young en la Avenida Pine ha provisto a la comunidad de Holland de electricidad confiable durante d\u00e9cadas, expandi\u00e9ndose para satisfacer la creciente demanda en 1960 y 1968. La planta oficialmente ces\u00f3 de [&hellip;]\" \/>\n<meta property=\"og:url\" content=\"https:\/\/waterfrontholland.org\/es\/por-que-waterfront-holland\/\" \/>\n<meta property=\"og:site_name\" content=\"Waterfront Holland\" \/>\n<meta property=\"article:modified_time\" content=\"2018-10-24T14:27:30+00:00\" \/>\n<meta name=\"twitter:card\" content=\"summary_large_image\" \/>\n<meta name=\"twitter:label1\" content=\"Tiempo de lectura\" \/>\n\t<meta name=\"twitter:data1\" content=\"8 minutos\" \/>\n<script type=\"application\/ld+json\" class=\"yoast-schema-graph\">{\"@context\":\"https:\\\/\\\/schema.org\",\"@graph\":[{\"@type\":\"WebPage\",\"@id\":\"https:\\\/\\\/waterfrontholland.org\\\/es\\\/por-que-waterfront-holland\\\/\",\"url\":\"https:\\\/\\\/waterfrontholland.org\\\/es\\\/por-que-waterfront-holland\\\/\",\"name\":\"Por qu\u00e9 Waterfront Holland - Waterfront Holland\",\"isPartOf\":{\"@id\":\"https:\\\/\\\/waterfrontholland.org\\\/#website\"},\"datePublished\":\"2018-10-23T06:00:47+00:00\",\"dateModified\":\"2018-10-24T14:27:30+00:00\",\"breadcrumb\":{\"@id\":\"https:\\\/\\\/waterfrontholland.org\\\/es\\\/por-que-waterfront-holland\\\/#breadcrumb\"},\"inLanguage\":\"es\",\"potentialAction\":[{\"@type\":\"ReadAction\",\"target\":[\"https:\\\/\\\/waterfrontholland.org\\\/es\\\/por-que-waterfront-holland\\\/\"]}]},{\"@type\":\"BreadcrumbList\",\"@id\":\"https:\\\/\\\/waterfrontholland.org\\\/es\\\/por-que-waterfront-holland\\\/#breadcrumb\",\"itemListElement\":[{\"@type\":\"ListItem\",\"position\":1,\"name\":\"Home\",\"item\":\"https:\\\/\\\/waterfrontholland.org\\\/es\\\/\"},{\"@type\":\"ListItem\",\"position\":2,\"name\":\"Por qu\u00e9 Waterfront Holland\"}]},{\"@type\":\"WebSite\",\"@id\":\"https:\\\/\\\/waterfrontholland.org\\\/#website\",\"url\":\"https:\\\/\\\/waterfrontholland.org\\\/\",\"name\":\"Waterfront Holland\",\"description\":\"\",\"publisher\":{\"@id\":\"https:\\\/\\\/waterfrontholland.org\\\/#organization\"},\"potentialAction\":[{\"@type\":\"SearchAction\",\"target\":{\"@type\":\"EntryPoint\",\"urlTemplate\":\"https:\\\/\\\/waterfrontholland.org\\\/?s={search_term_string}\"},\"query-input\":{\"@type\":\"PropertyValueSpecification\",\"valueRequired\":true,\"valueName\":\"search_term_string\"}}],\"inLanguage\":\"es\"},{\"@type\":\"Organization\",\"@id\":\"https:\\\/\\\/waterfrontholland.org\\\/#organization\",\"name\":\"Waterfront Holland\",\"url\":\"https:\\\/\\\/waterfrontholland.org\\\/\",\"logo\":{\"@type\":\"ImageObject\",\"inLanguage\":\"es\",\"@id\":\"https:\\\/\\\/waterfrontholland.org\\\/#\\\/schema\\\/logo\\\/image\\\/\",\"url\":\"https:\\\/\\\/waterfrontholland.org\\\/wp-content\\\/uploads\\\/2018\\\/10\\\/waterfront-holland-logo.png\",\"contentUrl\":\"https:\\\/\\\/waterfrontholland.org\\\/wp-content\\\/uploads\\\/2018\\\/10\\\/waterfront-holland-logo.png\",\"width\":378,\"height\":76,\"caption\":\"Waterfront Holland\"},\"image\":{\"@id\":\"https:\\\/\\\/waterfrontholland.org\\\/#\\\/schema\\\/logo\\\/image\\\/\"}}]}<\/script>\n<!-- \/ Yoast SEO plugin. -->","yoast_head_json":{"title":"Por qu\u00e9 Waterfront Holland - Waterfront Holland","robots":{"index":"index","follow":"follow","max-snippet":"max-snippet:-1","max-image-preview":"max-image-preview:large","max-video-preview":"max-video-preview:-1"},"canonical":"https:\/\/waterfrontholland.org\/es\/por-que-waterfront-holland\/","og_locale":"es_ES","og_type":"article","og_title":"Por qu\u00e9 Waterfront Holland - Waterfront Holland","og_description":"Por qu\u00e9 Waterfront Holland C\u00f3mo hemos llegado a este punto Construida originalmente hace casi 80 a\u00f1os, la central el\u00e9ctrica de carb\u00f3n James De Young en la Avenida Pine ha provisto a la comunidad de Holland de electricidad confiable durante d\u00e9cadas, expandi\u00e9ndose para satisfacer la creciente demanda en 1960 y 1968. La planta oficialmente ces\u00f3 de [&hellip;]","og_url":"https:\/\/waterfrontholland.org\/es\/por-que-waterfront-holland\/","og_site_name":"Waterfront Holland","article_modified_time":"2018-10-24T14:27:30+00:00","twitter_card":"summary_large_image","twitter_misc":{"Tiempo de lectura":"8 minutos"},"schema":{"@context":"https:\/\/schema.org","@graph":[{"@type":"WebPage","@id":"https:\/\/waterfrontholland.org\/es\/por-que-waterfront-holland\/","url":"https:\/\/waterfrontholland.org\/es\/por-que-waterfront-holland\/","name":"Por qu\u00e9 Waterfront Holland - Waterfront Holland","isPartOf":{"@id":"https:\/\/waterfrontholland.org\/#website"},"datePublished":"2018-10-23T06:00:47+00:00","dateModified":"2018-10-24T14:27:30+00:00","breadcrumb":{"@id":"https:\/\/waterfrontholland.org\/es\/por-que-waterfront-holland\/#breadcrumb"},"inLanguage":"es","potentialAction":[{"@type":"ReadAction","target":["https:\/\/waterfrontholland.org\/es\/por-que-waterfront-holland\/"]}]},{"@type":"BreadcrumbList","@id":"https:\/\/waterfrontholland.org\/es\/por-que-waterfront-holland\/#breadcrumb","itemListElement":[{"@type":"ListItem","position":1,"name":"Home","item":"https:\/\/waterfrontholland.org\/es\/"},{"@type":"ListItem","position":2,"name":"Por qu\u00e9 Waterfront Holland"}]},{"@type":"WebSite","@id":"https:\/\/waterfrontholland.org\/#website","url":"https:\/\/waterfrontholland.org\/","name":"Waterfront Holland","description":"","publisher":{"@id":"https:\/\/waterfrontholland.org\/#organization"},"potentialAction":[{"@type":"SearchAction","target":{"@type":"EntryPoint","urlTemplate":"https:\/\/waterfrontholland.org\/?s={search_term_string}"},"query-input":{"@type":"PropertyValueSpecification","valueRequired":true,"valueName":"search_term_string"}}],"inLanguage":"es"},{"@type":"Organization","@id":"https:\/\/waterfrontholland.org\/#organization","name":"Waterfront Holland","url":"https:\/\/waterfrontholland.org\/","logo":{"@type":"ImageObject","inLanguage":"es","@id":"https:\/\/waterfrontholland.org\/#\/schema\/logo\/image\/","url":"https:\/\/waterfrontholland.org\/wp-content\/uploads\/2018\/10\/waterfront-holland-logo.png","contentUrl":"https:\/\/waterfrontholland.org\/wp-content\/uploads\/2018\/10\/waterfront-holland-logo.png","width":378,"height":76,"caption":"Waterfront Holland"},"image":{"@id":"https:\/\/waterfrontholland.org\/#\/schema\/logo\/image\/"}}]}},"_links":{"self":[{"href":"https:\/\/waterfrontholland.org\/es\/wp-json\/wp\/v2\/pages\/387","targetHints":{"allow":["GET"]}}],"collection":[{"href":"https:\/\/waterfrontholland.org\/es\/wp-json\/wp\/v2\/pages"}],"about":[{"href":"https:\/\/waterfrontholland.org\/es\/wp-json\/wp\/v2\/types\/page"}],"author":[{"embeddable":true,"href":"https:\/\/waterfrontholland.org\/es\/wp-json\/wp\/v2\/users\/2"}],"replies":[{"embeddable":true,"href":"https:\/\/waterfrontholland.org\/es\/wp-json\/wp\/v2\/comments?post=387"}],"version-history":[{"count":0,"href":"https:\/\/waterfrontholland.org\/es\/wp-json\/wp\/v2\/pages\/387\/revisions"}],"wp:attachment":[{"href":"https:\/\/waterfrontholland.org\/es\/wp-json\/wp\/v2\/media?parent=387"}],"curies":[{"name":"wp","href":"https:\/\/api.w.org\/{rel}","templated":true}]}}