{"id":394,"date":"2018-10-23T02:08:44","date_gmt":"2018-10-23T06:08:44","guid":{"rendered":"https:\/\/waterfronth.wpengine.com\/?page_id=394"},"modified":"2018-10-23T02:10:06","modified_gmt":"2018-10-23T06:10:06","slug":"linea-de-tiempo-del-proyecto","status":"publish","type":"page","link":"https:\/\/waterfrontholland.org\/es\/por-que-waterfront-holland\/linea-de-tiempo-del-proyecto\/","title":{"rendered":"L\u00ednea de tiempo del proyecto"},"content":{"rendered":"<p>[et_pb_section fb_built=\u00bb1&#8243; module_class=\u00bbheader header&#8211;hero\u00bb _builder_version=\u00bb3.15&#8243; use_background_color_gradient=\u00bbon\u00bb background_color_gradient_start=\u00bbrgba(249,238,197,0.5)\u00bb background_color_gradient_end=\u00bbrgba(155,210,219,0.5)\u00bb background_color_gradient_direction=\u00bb90deg\u00bb background_color_gradient_end_position=\u00bb66%\u00bb background_image=\u00bbhttps:\/\/waterfrontholland.org\/wp-content\/uploads\/2018\/10\/wavy-lines.png\u00bb background_repeat=\u00bbrepeat-x\u00bb][et_pb_row make_fullwidth=\u00bbon\u00bb _builder_version=\u00bb3.15&#8243;][et_pb_column type=\u00bb4_4&#8243; _builder_version=\u00bb3.0.47&#8243; parallax=\u00bboff\u00bb parallax_method=\u00bbon\u00bb][et_pb_text module_class=\u00bbadd-dingbat add-dingbat&#8211;right\u00bb _builder_version=\u00bb3.17.1&#8243; max_width_tablet=\u00bb80%\u00bb max_width_phone=\u00bb100%\u00bb max_width_last_edited=\u00bboff|desktop\u00bb module_alignment=\u00bbcenter\u00bb]<\/p>\n<h1>L\u00ednea de tiempo del proyecto<\/h1>\n<p>[\/et_pb_text][\/et_pb_column][\/et_pb_row][\/et_pb_section][et_pb_section fb_built=\u00bb1&#8243; _builder_version=\u00bb3.15&#8243;][et_pb_row make_equal=\u00bbon\u00bb _builder_version=\u00bb3.15&#8243;][et_pb_column type=\u00bb4_4&#8243; _builder_version=\u00bb3.0.47&#8243; parallax=\u00bboff\u00bb parallax_method=\u00bbon\u00bb][et_pb_text _builder_version=\u00bb3.17.1&#8243;]<\/p>\n<h2>L\u00ednea de tiempo maestra de eventos<\/h2>\n<p>Esta lista es un registro de eventos pr\u00f3ximos y completados anteriormente e hitos del proyecto. Dado el n\u00famero de variables y partes interesadas en este importante proceso, por favor, tenga en cuenta que los hitos y eventos futuros pueden cambiar a medida que evolucione el proyecto.<\/p>\n<table>\n<tbody>\n<tr>\n<th>Oct. 10, 2018<\/th>\n<th style=\"text-align: left;\">Waterfront Holland Concept Presented to City Council Study Session<\/th>\n<\/tr>\n<tr>\n<td>Oct. 20, 2018<\/td>\n<td>Waterfront Holland Kickoff Event at the Holland Civic Center Place and Farmers Market<\/td>\n<\/tr>\n<tr>\n<td>Oct. 27, 2018<\/td>\n<td>1st Public Tour of JDY Site<\/td>\n<\/tr>\n<tr>\n<td>Nov. 3, 2018<\/td>\n<td>2nd Public Tour of JDY Site<\/td>\n<\/tr>\n<tr>\n<td>Nov. 29, 2018<\/td>\n<td>Visioning Event hosted at Holland Civic Center Place<\/td>\n<\/tr>\n<tr>\n<td>Jan-March, 2019<\/td>\n<td>Vision Development (Mini-Charrette and Workshop Charrette TBD)<\/td>\n<\/tr>\n<tr>\n<td>April-June<\/td>\n<td>Refinement (2nd Charrette for Design TBD)<\/td>\n<\/tr>\n<tr>\n<td>Late 2019<\/td>\n<td>Recommendations and Scenario Presentation to City Council<\/td>\n<\/tr>\n<\/tbody>\n<\/table>\n<p>&nbsp;<\/p>\n<p>[\/et_pb_text][\/et_pb_column][\/et_pb_row][\/et_pb_section]<\/p>\n","protected":false},"excerpt":{"rendered":"<p>L\u00ednea de tiempo del proyecto L\u00ednea de tiempo maestra de eventos Esta lista es un registro de eventos pr\u00f3ximos y completados anteriormente e hitos del proyecto. Dado el n\u00famero de variables y partes interesadas en este importante proceso, por favor, tenga en cuenta que los hitos y eventos futuros pueden cambiar a medida que evolucione [&hellip;]<\/p>\n","protected":false},"author":2,"featured_media":0,"parent":387,"menu_order":0,"comment_status":"closed","ping_status":"closed","template":"","meta":{"_et_pb_use_builder":"on","_et_pb_old_content":"","_et_gb_content_width":"","footnotes":""},"class_list":["post-394","page","type-page","status-publish","hentry"],"yoast_head":"<!-- This site is optimized with the Yoast SEO plugin v27.4 - https:\/\/yoast.com\/product\/yoast-seo-wordpress\/ -->\n<title>L\u00ednea de tiempo del proyecto - Waterfront Holland<\/title>\n<meta name=\"robots\" content=\"index, follow, max-snippet:-1, max-image-preview:large, max-video-preview:-1\" \/>\n<link rel=\"canonical\" href=\"https:\/\/waterfrontholland.org\/es\/por-que-waterfront-holland\/linea-de-tiempo-del-proyecto\/\" \/>\n<meta property=\"og:locale\" content=\"es_ES\" \/>\n<meta property=\"og:type\" content=\"article\" \/>\n<meta property=\"og:title\" content=\"L\u00ednea de tiempo del proyecto - Waterfront Holland\" \/>\n<meta property=\"og:description\" content=\"L\u00ednea de tiempo del proyecto L\u00ednea de tiempo maestra de eventos Esta lista es un registro de eventos pr\u00f3ximos y completados anteriormente e hitos del proyecto. Dado el n\u00famero de variables y partes interesadas en este importante proceso, por favor, tenga en cuenta que los hitos y eventos futuros pueden cambiar a medida que evolucione [&hellip;]\" \/>\n<meta property=\"og:url\" content=\"https:\/\/waterfrontholland.org\/es\/por-que-waterfront-holland\/linea-de-tiempo-del-proyecto\/\" \/>\n<meta property=\"og:site_name\" content=\"Waterfront Holland\" \/>\n<meta property=\"article:modified_time\" content=\"2018-10-23T06:10:06+00:00\" \/>\n<meta name=\"twitter:card\" content=\"summary_large_image\" \/>\n<meta name=\"twitter:label1\" content=\"Tiempo de lectura\" \/>\n\t<meta name=\"twitter:data1\" content=\"1 minuto\" \/>\n<script type=\"application\/ld+json\" class=\"yoast-schema-graph\">{\"@context\":\"https:\\\/\\\/schema.org\",\"@graph\":[{\"@type\":\"WebPage\",\"@id\":\"https:\\\/\\\/waterfrontholland.org\\\/es\\\/por-que-waterfront-holland\\\/linea-de-tiempo-del-proyecto\\\/\",\"url\":\"https:\\\/\\\/waterfrontholland.org\\\/es\\\/por-que-waterfront-holland\\\/linea-de-tiempo-del-proyecto\\\/\",\"name\":\"L\u00ednea de tiempo del proyecto - Waterfront Holland\",\"isPartOf\":{\"@id\":\"https:\\\/\\\/waterfrontholland.org\\\/#website\"},\"datePublished\":\"2018-10-23T06:08:44+00:00\",\"dateModified\":\"2018-10-23T06:10:06+00:00\",\"breadcrumb\":{\"@id\":\"https:\\\/\\\/waterfrontholland.org\\\/es\\\/por-que-waterfront-holland\\\/linea-de-tiempo-del-proyecto\\\/#breadcrumb\"},\"inLanguage\":\"es\",\"potentialAction\":[{\"@type\":\"ReadAction\",\"target\":[\"https:\\\/\\\/waterfrontholland.org\\\/es\\\/por-que-waterfront-holland\\\/linea-de-tiempo-del-proyecto\\\/\"]}]},{\"@type\":\"BreadcrumbList\",\"@id\":\"https:\\\/\\\/waterfrontholland.org\\\/es\\\/por-que-waterfront-holland\\\/linea-de-tiempo-del-proyecto\\\/#breadcrumb\",\"itemListElement\":[{\"@type\":\"ListItem\",\"position\":1,\"name\":\"Home\",\"item\":\"https:\\\/\\\/waterfrontholland.org\\\/es\\\/\"},{\"@type\":\"ListItem\",\"position\":2,\"name\":\"Por qu\u00e9 Waterfront Holland\",\"item\":\"https:\\\/\\\/waterfrontholland.org\\\/es\\\/por-que-waterfront-holland\\\/\"},{\"@type\":\"ListItem\",\"position\":3,\"name\":\"L\u00ednea de tiempo del proyecto\"}]},{\"@type\":\"WebSite\",\"@id\":\"https:\\\/\\\/waterfrontholland.org\\\/#website\",\"url\":\"https:\\\/\\\/waterfrontholland.org\\\/\",\"name\":\"Waterfront Holland\",\"description\":\"\",\"publisher\":{\"@id\":\"https:\\\/\\\/waterfrontholland.org\\\/#organization\"},\"potentialAction\":[{\"@type\":\"SearchAction\",\"target\":{\"@type\":\"EntryPoint\",\"urlTemplate\":\"https:\\\/\\\/waterfrontholland.org\\\/?s={search_term_string}\"},\"query-input\":{\"@type\":\"PropertyValueSpecification\",\"valueRequired\":true,\"valueName\":\"search_term_string\"}}],\"inLanguage\":\"es\"},{\"@type\":\"Organization\",\"@id\":\"https:\\\/\\\/waterfrontholland.org\\\/#organization\",\"name\":\"Waterfront Holland\",\"url\":\"https:\\\/\\\/waterfrontholland.org\\\/\",\"logo\":{\"@type\":\"ImageObject\",\"inLanguage\":\"es\",\"@id\":\"https:\\\/\\\/waterfrontholland.org\\\/#\\\/schema\\\/logo\\\/image\\\/\",\"url\":\"https:\\\/\\\/waterfrontholland.org\\\/wp-content\\\/uploads\\\/2018\\\/10\\\/waterfront-holland-logo.png\",\"contentUrl\":\"https:\\\/\\\/waterfrontholland.org\\\/wp-content\\\/uploads\\\/2018\\\/10\\\/waterfront-holland-logo.png\",\"width\":378,\"height\":76,\"caption\":\"Waterfront Holland\"},\"image\":{\"@id\":\"https:\\\/\\\/waterfrontholland.org\\\/#\\\/schema\\\/logo\\\/image\\\/\"}}]}<\/script>\n<!-- \/ Yoast SEO plugin. -->","yoast_head_json":{"title":"L\u00ednea de tiempo del proyecto - Waterfront Holland","robots":{"index":"index","follow":"follow","max-snippet":"max-snippet:-1","max-image-preview":"max-image-preview:large","max-video-preview":"max-video-preview:-1"},"canonical":"https:\/\/waterfrontholland.org\/es\/por-que-waterfront-holland\/linea-de-tiempo-del-proyecto\/","og_locale":"es_ES","og_type":"article","og_title":"L\u00ednea de tiempo del proyecto - Waterfront Holland","og_description":"L\u00ednea de tiempo del proyecto L\u00ednea de tiempo maestra de eventos Esta lista es un registro de eventos pr\u00f3ximos y completados anteriormente e hitos del proyecto. Dado el n\u00famero de variables y partes interesadas en este importante proceso, por favor, tenga en cuenta que los hitos y eventos futuros pueden cambiar a medida que evolucione [&hellip;]","og_url":"https:\/\/waterfrontholland.org\/es\/por-que-waterfront-holland\/linea-de-tiempo-del-proyecto\/","og_site_name":"Waterfront Holland","article_modified_time":"2018-10-23T06:10:06+00:00","twitter_card":"summary_large_image","twitter_misc":{"Tiempo de lectura":"1 minuto"},"schema":{"@context":"https:\/\/schema.org","@graph":[{"@type":"WebPage","@id":"https:\/\/waterfrontholland.org\/es\/por-que-waterfront-holland\/linea-de-tiempo-del-proyecto\/","url":"https:\/\/waterfrontholland.org\/es\/por-que-waterfront-holland\/linea-de-tiempo-del-proyecto\/","name":"L\u00ednea de tiempo del proyecto - Waterfront Holland","isPartOf":{"@id":"https:\/\/waterfrontholland.org\/#website"},"datePublished":"2018-10-23T06:08:44+00:00","dateModified":"2018-10-23T06:10:06+00:00","breadcrumb":{"@id":"https:\/\/waterfrontholland.org\/es\/por-que-waterfront-holland\/linea-de-tiempo-del-proyecto\/#breadcrumb"},"inLanguage":"es","potentialAction":[{"@type":"ReadAction","target":["https:\/\/waterfrontholland.org\/es\/por-que-waterfront-holland\/linea-de-tiempo-del-proyecto\/"]}]},{"@type":"BreadcrumbList","@id":"https:\/\/waterfrontholland.org\/es\/por-que-waterfront-holland\/linea-de-tiempo-del-proyecto\/#breadcrumb","itemListElement":[{"@type":"ListItem","position":1,"name":"Home","item":"https:\/\/waterfrontholland.org\/es\/"},{"@type":"ListItem","position":2,"name":"Por qu\u00e9 Waterfront Holland","item":"https:\/\/waterfrontholland.org\/es\/por-que-waterfront-holland\/"},{"@type":"ListItem","position":3,"name":"L\u00ednea de tiempo del proyecto"}]},{"@type":"WebSite","@id":"https:\/\/waterfrontholland.org\/#website","url":"https:\/\/waterfrontholland.org\/","name":"Waterfront Holland","description":"","publisher":{"@id":"https:\/\/waterfrontholland.org\/#organization"},"potentialAction":[{"@type":"SearchAction","target":{"@type":"EntryPoint","urlTemplate":"https:\/\/waterfrontholland.org\/?s={search_term_string}"},"query-input":{"@type":"PropertyValueSpecification","valueRequired":true,"valueName":"search_term_string"}}],"inLanguage":"es"},{"@type":"Organization","@id":"https:\/\/waterfrontholland.org\/#organization","name":"Waterfront Holland","url":"https:\/\/waterfrontholland.org\/","logo":{"@type":"ImageObject","inLanguage":"es","@id":"https:\/\/waterfrontholland.org\/#\/schema\/logo\/image\/","url":"https:\/\/waterfrontholland.org\/wp-content\/uploads\/2018\/10\/waterfront-holland-logo.png","contentUrl":"https:\/\/waterfrontholland.org\/wp-content\/uploads\/2018\/10\/waterfront-holland-logo.png","width":378,"height":76,"caption":"Waterfront Holland"},"image":{"@id":"https:\/\/waterfrontholland.org\/#\/schema\/logo\/image\/"}}]}},"_links":{"self":[{"href":"https:\/\/waterfrontholland.org\/es\/wp-json\/wp\/v2\/pages\/394","targetHints":{"allow":["GET"]}}],"collection":[{"href":"https:\/\/waterfrontholland.org\/es\/wp-json\/wp\/v2\/pages"}],"about":[{"href":"https:\/\/waterfrontholland.org\/es\/wp-json\/wp\/v2\/types\/page"}],"author":[{"embeddable":true,"href":"https:\/\/waterfrontholland.org\/es\/wp-json\/wp\/v2\/users\/2"}],"replies":[{"embeddable":true,"href":"https:\/\/waterfrontholland.org\/es\/wp-json\/wp\/v2\/comments?post=394"}],"version-history":[{"count":0,"href":"https:\/\/waterfrontholland.org\/es\/wp-json\/wp\/v2\/pages\/394\/revisions"}],"up":[{"embeddable":true,"href":"https:\/\/waterfrontholland.org\/es\/wp-json\/wp\/v2\/pages\/387"}],"wp:attachment":[{"href":"https:\/\/waterfrontholland.org\/es\/wp-json\/wp\/v2\/media?parent=394"}],"curies":[{"name":"wp","href":"https:\/\/api.w.org\/{rel}","templated":true}]}}