{"id":406,"date":"2018-10-23T02:15:56","date_gmt":"2018-10-23T06:15:56","guid":{"rendered":"https:\/\/waterfronth.wpengine.com\/?page_id=406"},"modified":"2019-01-03T21:27:50","modified_gmt":"2019-01-04T02:27:50","slug":"envienos-sus-comentarios","status":"publish","type":"page","link":"https:\/\/waterfrontholland.org\/es\/envienos-sus-comentarios\/","title":{"rendered":"Env\u00edenos sus comentarios"},"content":{"rendered":"<p>[et_pb_section bb_built=\u00bb1&#8243; module_class=\u00bbheader header&#8211;hero\u00bb _builder_version=\u00bb3.15&#8243; use_background_color_gradient=\u00bbon\u00bb background_color_gradient_start=\u00bbrgba(249,238,197,0.5)\u00bb background_color_gradient_end=\u00bbrgba(155,210,219,0.5)\u00bb background_color_gradient_direction=\u00bb90deg\u00bb background_color_gradient_end_position=\u00bb66%\u00bb background_image=\u00bbhttps:\/\/waterfrontholland.org\/wp-content\/uploads\/2018\/10\/wavy-lines.png\u00bb background_repeat=\u00bbrepeat-x\u00bb next_background_color=\u00bb#ffffff\u00bb][et_pb_row make_fullwidth=\u00bbon\u00bb _builder_version=\u00bb3.15&#8243;][et_pb_column type=\u00bb4_4&#8243;][et_pb_text module_class=\u00bbadd-dingbat add-dingbat&#8211;right\u00bb _builder_version=\u00bb3.17.1&#8243; max_width_tablet=\u00bb80%\u00bb max_width_phone=\u00bb100%\u00bb max_width_last_edited=\u00bboff|desktop\u00bb module_alignment=\u00bbcenter\u00bb]<\/p>\n<h1>Env\u00edenos sus comentarios<\/h1>\n<p>[\/et_pb_text][\/et_pb_column][\/et_pb_row][\/et_pb_section][et_pb_section bb_built=\u00bb1&#8243; _builder_version=\u00bb3.15&#8243; prev_background_color=\u00bb#000000&#8243; next_background_color=\u00bbrgba(230,230,230,0.25)\u00bb][et_pb_row _builder_version=\u00bb3.15&#8243;][et_pb_column type=\u00bb1_2&#8243;][et_pb_text _builder_version=\u00bb3.18.5&#8243;]<\/p>\n<h2>D\u00edganos lo que piensa<\/h2>\n<p>Su opini\u00f3n nos importa mucho, y si tiene inter\u00e9s en el \u00e1rea de Holland a orillas del agua, deseamos saber lo que piensa. Aunque ha finalizado la primera fase de comentarios p\u00fablicos, nuestro proceso continuar\u00e1 en 2019 con m\u00e1s oportunidades para la participaci\u00f3n de la comunidad. Por favor, reg\u00edstrese para recibir actualizaciones, s\u00edganos en Facebook y visite nuestro sitio web para ver noticias \/ eventos en los meses venideros para mantenerse al d\u00eda.<\/p>\n<p>[\/et_pb_text][\/et_pb_column][et_pb_column type=\u00bb1_2&#8243;][et_pb_text _builder_version=\u00bb3.18.5&#8243;]<\/p>\n<h2>Asista a un evento de visi\u00f3n<\/h2>\n<p>A medida que nuestro proceso siga desarroll\u00e1ndose, verifique cu\u00e1ndo habr\u00e1 eventos venideros de participaci\u00f3n p\u00fablica.<\/p>\n<p>[\/et_pb_text][et_pb_button button_url=\u00bb\/participate\/attend-an-event\u00bb button_text=\u00bbAsista a un evento\u00bb _builder_version=\u00bb3.17.1&#8243; button_text_size__hover_enabled=\u00bboff\u00bb button_one_text_size__hover_enabled=\u00bboff\u00bb button_two_text_size__hover_enabled=\u00bboff\u00bb button_text_color__hover_enabled=\u00bboff\u00bb button_one_text_color__hover_enabled=\u00bboff\u00bb button_two_text_color__hover_enabled=\u00bboff\u00bb button_border_width__hover_enabled=\u00bboff\u00bb button_one_border_width__hover_enabled=\u00bboff\u00bb button_two_border_width__hover_enabled=\u00bboff\u00bb button_border_color__hover_enabled=\u00bboff\u00bb button_one_border_color__hover_enabled=\u00bboff\u00bb button_two_border_color__hover_enabled=\u00bboff\u00bb button_border_radius__hover_enabled=\u00bboff\u00bb button_one_border_radius__hover_enabled=\u00bboff\u00bb button_two_border_radius__hover_enabled=\u00bboff\u00bb button_letter_spacing__hover_enabled=\u00bboff\u00bb button_one_letter_spacing__hover_enabled=\u00bboff\u00bb button_two_letter_spacing__hover_enabled=\u00bboff\u00bb button_bg_color__hover_enabled=\u00bboff\u00bb button_one_bg_color__hover_enabled=\u00bboff\u00bb button_two_bg_color__hover_enabled=\u00bboff\u00bb]<\/p>\n<p>&nbsp;<\/p>\n<p>[\/et_pb_button][\/et_pb_column][\/et_pb_row][\/et_pb_section][et_pb_section bb_built=\u00bb1&#8243; module_id=\u00bbfeedback\u00bb _builder_version=\u00bb3.15&#8243; background_color=\u00bbrgba(230,230,230,0.25)\u00bb prev_background_color=\u00bb#ffffff\u00bb][et_pb_row _builder_version=\u00bb3.15&#8243;][et_pb_column type=\u00bb4_4&#8243;][et_pb_text module_class=\u00bbadd-dingbat\u00bb _builder_version=\u00bb3.18.5&#8243; text_orientation=\u00bbcenter\u00bb]<\/p>\n<h2>Env\u00edenos sus comentarios*<\/h2>\n<p>*tenga en cuenta que hemos cerrado oficialmente la encuesta oficial de comentarios p\u00fablicos que antes se encontraba en esta p\u00e1gina; sin embargo, seguiremos monitoreando y recopilando comentarios del p\u00fablico utilizando el formulario a continuaci\u00f3n.<\/p>\n<p>[\/et_pb_text][et_pb_code disabled_on=\u00bboff|off|off\u00bb _builder_version=\u00bb3.18.5&#8243;][\/et_pb_code][\/et_pb_column][\/et_pb_row][\/et_pb_section]<\/p>\n","protected":false},"excerpt":{"rendered":"<p>Env\u00edenos sus comentarios D\u00edganos lo que piensa Su opini\u00f3n nos importa mucho, y si tiene inter\u00e9s en el \u00e1rea de Holland a orillas del agua, deseamos saber lo que piensa. Aunque ha finalizado la primera fase de comentarios p\u00fablicos, nuestro proceso continuar\u00e1 en 2019 con m\u00e1s oportunidades para la participaci\u00f3n de la comunidad. Por favor, [&hellip;]<\/p>\n","protected":false},"author":2,"featured_media":0,"parent":0,"menu_order":0,"comment_status":"closed","ping_status":"closed","template":"","meta":{"_et_pb_use_builder":"on","_et_pb_old_content":"","_et_gb_content_width":"","footnotes":""},"class_list":["post-406","page","type-page","status-publish","hentry"],"yoast_head":"<!-- This site is optimized with the Yoast SEO plugin v27.4 - https:\/\/yoast.com\/product\/yoast-seo-wordpress\/ -->\n<title>Env\u00edenos sus comentarios - Waterfront Holland<\/title>\n<meta name=\"robots\" content=\"index, follow, max-snippet:-1, max-image-preview:large, max-video-preview:-1\" \/>\n<link rel=\"canonical\" href=\"https:\/\/waterfrontholland.org\/es\/envienos-sus-comentarios\/\" \/>\n<meta property=\"og:locale\" content=\"es_ES\" \/>\n<meta property=\"og:type\" content=\"article\" \/>\n<meta property=\"og:title\" content=\"Env\u00edenos sus comentarios - Waterfront Holland\" \/>\n<meta property=\"og:description\" content=\"Env\u00edenos sus comentarios D\u00edganos lo que piensa Su opini\u00f3n nos importa mucho, y si tiene inter\u00e9s en el \u00e1rea de Holland a orillas del agua, deseamos saber lo que piensa. Aunque ha finalizado la primera fase de comentarios p\u00fablicos, nuestro proceso continuar\u00e1 en 2019 con m\u00e1s oportunidades para la participaci\u00f3n de la comunidad. Por favor, [&hellip;]\" \/>\n<meta property=\"og:url\" content=\"https:\/\/waterfrontholland.org\/es\/envienos-sus-comentarios\/\" \/>\n<meta property=\"og:site_name\" content=\"Waterfront Holland\" \/>\n<meta property=\"article:modified_time\" content=\"2019-01-04T02:27:50+00:00\" \/>\n<meta name=\"twitter:card\" content=\"summary_large_image\" \/>\n<meta name=\"twitter:label1\" content=\"Tiempo de lectura\" \/>\n\t<meta name=\"twitter:data1\" content=\"3 minutos\" \/>\n<script type=\"application\/ld+json\" class=\"yoast-schema-graph\">{\"@context\":\"https:\\\/\\\/schema.org\",\"@graph\":[{\"@type\":\"WebPage\",\"@id\":\"https:\\\/\\\/waterfrontholland.org\\\/es\\\/envienos-sus-comentarios\\\/\",\"url\":\"https:\\\/\\\/waterfrontholland.org\\\/es\\\/envienos-sus-comentarios\\\/\",\"name\":\"Env\u00edenos sus comentarios - Waterfront Holland\",\"isPartOf\":{\"@id\":\"https:\\\/\\\/waterfrontholland.org\\\/#website\"},\"datePublished\":\"2018-10-23T06:15:56+00:00\",\"dateModified\":\"2019-01-04T02:27:50+00:00\",\"breadcrumb\":{\"@id\":\"https:\\\/\\\/waterfrontholland.org\\\/es\\\/envienos-sus-comentarios\\\/#breadcrumb\"},\"inLanguage\":\"es\",\"potentialAction\":[{\"@type\":\"ReadAction\",\"target\":[\"https:\\\/\\\/waterfrontholland.org\\\/es\\\/envienos-sus-comentarios\\\/\"]}]},{\"@type\":\"BreadcrumbList\",\"@id\":\"https:\\\/\\\/waterfrontholland.org\\\/es\\\/envienos-sus-comentarios\\\/#breadcrumb\",\"itemListElement\":[{\"@type\":\"ListItem\",\"position\":1,\"name\":\"Home\",\"item\":\"https:\\\/\\\/waterfrontholland.org\\\/es\\\/\"},{\"@type\":\"ListItem\",\"position\":2,\"name\":\"Env\u00edenos sus comentarios\"}]},{\"@type\":\"WebSite\",\"@id\":\"https:\\\/\\\/waterfrontholland.org\\\/#website\",\"url\":\"https:\\\/\\\/waterfrontholland.org\\\/\",\"name\":\"Waterfront Holland\",\"description\":\"\",\"publisher\":{\"@id\":\"https:\\\/\\\/waterfrontholland.org\\\/#organization\"},\"potentialAction\":[{\"@type\":\"SearchAction\",\"target\":{\"@type\":\"EntryPoint\",\"urlTemplate\":\"https:\\\/\\\/waterfrontholland.org\\\/?s={search_term_string}\"},\"query-input\":{\"@type\":\"PropertyValueSpecification\",\"valueRequired\":true,\"valueName\":\"search_term_string\"}}],\"inLanguage\":\"es\"},{\"@type\":\"Organization\",\"@id\":\"https:\\\/\\\/waterfrontholland.org\\\/#organization\",\"name\":\"Waterfront Holland\",\"url\":\"https:\\\/\\\/waterfrontholland.org\\\/\",\"logo\":{\"@type\":\"ImageObject\",\"inLanguage\":\"es\",\"@id\":\"https:\\\/\\\/waterfrontholland.org\\\/#\\\/schema\\\/logo\\\/image\\\/\",\"url\":\"https:\\\/\\\/waterfrontholland.org\\\/wp-content\\\/uploads\\\/2018\\\/10\\\/waterfront-holland-logo.png\",\"contentUrl\":\"https:\\\/\\\/waterfrontholland.org\\\/wp-content\\\/uploads\\\/2018\\\/10\\\/waterfront-holland-logo.png\",\"width\":378,\"height\":76,\"caption\":\"Waterfront Holland\"},\"image\":{\"@id\":\"https:\\\/\\\/waterfrontholland.org\\\/#\\\/schema\\\/logo\\\/image\\\/\"}}]}<\/script>\n<!-- \/ Yoast SEO plugin. -->","yoast_head_json":{"title":"Env\u00edenos sus comentarios - Waterfront Holland","robots":{"index":"index","follow":"follow","max-snippet":"max-snippet:-1","max-image-preview":"max-image-preview:large","max-video-preview":"max-video-preview:-1"},"canonical":"https:\/\/waterfrontholland.org\/es\/envienos-sus-comentarios\/","og_locale":"es_ES","og_type":"article","og_title":"Env\u00edenos sus comentarios - Waterfront Holland","og_description":"Env\u00edenos sus comentarios D\u00edganos lo que piensa Su opini\u00f3n nos importa mucho, y si tiene inter\u00e9s en el \u00e1rea de Holland a orillas del agua, deseamos saber lo que piensa. Aunque ha finalizado la primera fase de comentarios p\u00fablicos, nuestro proceso continuar\u00e1 en 2019 con m\u00e1s oportunidades para la participaci\u00f3n de la comunidad. Por favor, [&hellip;]","og_url":"https:\/\/waterfrontholland.org\/es\/envienos-sus-comentarios\/","og_site_name":"Waterfront Holland","article_modified_time":"2019-01-04T02:27:50+00:00","twitter_card":"summary_large_image","twitter_misc":{"Tiempo de lectura":"3 minutos"},"schema":{"@context":"https:\/\/schema.org","@graph":[{"@type":"WebPage","@id":"https:\/\/waterfrontholland.org\/es\/envienos-sus-comentarios\/","url":"https:\/\/waterfrontholland.org\/es\/envienos-sus-comentarios\/","name":"Env\u00edenos sus comentarios - Waterfront Holland","isPartOf":{"@id":"https:\/\/waterfrontholland.org\/#website"},"datePublished":"2018-10-23T06:15:56+00:00","dateModified":"2019-01-04T02:27:50+00:00","breadcrumb":{"@id":"https:\/\/waterfrontholland.org\/es\/envienos-sus-comentarios\/#breadcrumb"},"inLanguage":"es","potentialAction":[{"@type":"ReadAction","target":["https:\/\/waterfrontholland.org\/es\/envienos-sus-comentarios\/"]}]},{"@type":"BreadcrumbList","@id":"https:\/\/waterfrontholland.org\/es\/envienos-sus-comentarios\/#breadcrumb","itemListElement":[{"@type":"ListItem","position":1,"name":"Home","item":"https:\/\/waterfrontholland.org\/es\/"},{"@type":"ListItem","position":2,"name":"Env\u00edenos sus comentarios"}]},{"@type":"WebSite","@id":"https:\/\/waterfrontholland.org\/#website","url":"https:\/\/waterfrontholland.org\/","name":"Waterfront Holland","description":"","publisher":{"@id":"https:\/\/waterfrontholland.org\/#organization"},"potentialAction":[{"@type":"SearchAction","target":{"@type":"EntryPoint","urlTemplate":"https:\/\/waterfrontholland.org\/?s={search_term_string}"},"query-input":{"@type":"PropertyValueSpecification","valueRequired":true,"valueName":"search_term_string"}}],"inLanguage":"es"},{"@type":"Organization","@id":"https:\/\/waterfrontholland.org\/#organization","name":"Waterfront Holland","url":"https:\/\/waterfrontholland.org\/","logo":{"@type":"ImageObject","inLanguage":"es","@id":"https:\/\/waterfrontholland.org\/#\/schema\/logo\/image\/","url":"https:\/\/waterfrontholland.org\/wp-content\/uploads\/2018\/10\/waterfront-holland-logo.png","contentUrl":"https:\/\/waterfrontholland.org\/wp-content\/uploads\/2018\/10\/waterfront-holland-logo.png","width":378,"height":76,"caption":"Waterfront Holland"},"image":{"@id":"https:\/\/waterfrontholland.org\/#\/schema\/logo\/image\/"}}]}},"_links":{"self":[{"href":"https:\/\/waterfrontholland.org\/es\/wp-json\/wp\/v2\/pages\/406","targetHints":{"allow":["GET"]}}],"collection":[{"href":"https:\/\/waterfrontholland.org\/es\/wp-json\/wp\/v2\/pages"}],"about":[{"href":"https:\/\/waterfrontholland.org\/es\/wp-json\/wp\/v2\/types\/page"}],"author":[{"embeddable":true,"href":"https:\/\/waterfrontholland.org\/es\/wp-json\/wp\/v2\/users\/2"}],"replies":[{"embeddable":true,"href":"https:\/\/waterfrontholland.org\/es\/wp-json\/wp\/v2\/comments?post=406"}],"version-history":[{"count":0,"href":"https:\/\/waterfrontholland.org\/es\/wp-json\/wp\/v2\/pages\/406\/revisions"}],"wp:attachment":[{"href":"https:\/\/waterfrontholland.org\/es\/wp-json\/wp\/v2\/media?parent=406"}],"curies":[{"name":"wp","href":"https:\/\/api.w.org\/{rel}","templated":true}]}}