{"id":410,"date":"2018-10-23T02:18:46","date_gmt":"2018-10-23T06:18:46","guid":{"rendered":"https:\/\/waterfronth.wpengine.com\/?page_id=410"},"modified":"2018-10-23T02:19:38","modified_gmt":"2018-10-23T06:19:38","slug":"la-prensa","status":"publish","type":"page","link":"https:\/\/waterfrontholland.org\/es\/la-prensa\/","title":{"rendered":"La prensa"},"content":{"rendered":"<p>[et_pb_section fb_built=\u00bb1&#8243; module_class=\u00bbheader header&#8211;hero\u00bb _builder_version=\u00bb3.15&#8243; use_background_color_gradient=\u00bbon\u00bb background_color_gradient_start=\u00bbrgba(249,238,197,0.5)\u00bb background_color_gradient_end=\u00bbrgba(155,210,219,0.5)\u00bb background_color_gradient_direction=\u00bb90deg\u00bb background_color_gradient_end_position=\u00bb66%\u00bb background_image=\u00bbhttps:\/\/waterfrontholland.org\/wp-content\/uploads\/2018\/10\/wavy-lines.png\u00bb background_repeat=\u00bbrepeat-x\u00bb][et_pb_row make_fullwidth=\u00bbon\u00bb _builder_version=\u00bb3.15&#8243;][et_pb_column type=\u00bb4_4&#8243; _builder_version=\u00bb3.0.47&#8243; parallax=\u00bboff\u00bb parallax_method=\u00bbon\u00bb][et_pb_text module_class=\u00bbadd-dingbat add-dingbat&#8211;right\u00bb _builder_version=\u00bb3.17.1&#8243; text_font=\u00bb||||||||\u00bb link_font=\u00bb||||||||\u00bb ul_font=\u00bb||||||||\u00bb ol_font=\u00bb||||||||\u00bb max_width_tablet=\u00bb80%\u00bb max_width_phone=\u00bb100%\u00bb max_width_last_edited=\u00bboff|desktop\u00bb module_alignment=\u00bbcenter\u00bb]<\/p>\n<h1>La prensa<\/h1>\n<p>[\/et_pb_text][\/et_pb_column][\/et_pb_row][\/et_pb_section][et_pb_section fb_built=\u00bb1&#8243; _builder_version=\u00bb3.15&#8243;][et_pb_row make_equal=\u00bbon\u00bb _builder_version=\u00bb3.15&#8243;][et_pb_column type=\u00bb4_4&#8243; _builder_version=\u00bb3.0.47&#8243; parallax=\u00bboff\u00bb parallax_method=\u00bbon\u00bb][et_pb_text module_class=\u00bbadd-dingbat\u00bb _builder_version=\u00bb3.17.1&#8243; text_font=\u00bb||||||||\u00bb text_orientation=\u00bbcenter\u00bb max_width=\u00bb75%\u00bb max_width_last_edited=\u00bbon|tablet\u00bb module_alignment=\u00bbcenter\u00bb]<\/p>\n<h2>Informaci\u00f3n adicional y m\u00e1s<\/h2>\n<p>Hay informaci\u00f3n de antecedentes, comunicados de prensa y videos y fotograf\u00edas disponible para los miembros de los medios de comunicaci\u00f3n y se puede encontrar aqu\u00ed. Favor de dirigir preguntas de los medios de comunicaci\u00f3n a <strong>Mark Vanderploeg con la Ciudad de Holland, 616.355.1300<\/strong>.<\/p>\n<p>[\/et_pb_text][\/et_pb_column][\/et_pb_row][\/et_pb_section]<\/p>\n","protected":false},"excerpt":{"rendered":"<p>La prensa Informaci\u00f3n adicional y m\u00e1s Hay informaci\u00f3n de antecedentes, comunicados de prensa y videos y fotograf\u00edas disponible para los miembros de los medios de comunicaci\u00f3n y se puede encontrar aqu\u00ed. Favor de dirigir preguntas de los medios de comunicaci\u00f3n a Mark Vanderploeg con la Ciudad de Holland, 616.355.1300.<\/p>\n","protected":false},"author":2,"featured_media":0,"parent":0,"menu_order":0,"comment_status":"closed","ping_status":"closed","template":"","meta":{"_et_pb_use_builder":"on","_et_pb_old_content":"","_et_gb_content_width":"","footnotes":""},"class_list":["post-410","page","type-page","status-publish","hentry"],"yoast_head":"<!-- This site is optimized with the Yoast SEO plugin v27.5 - https:\/\/yoast.com\/product\/yoast-seo-wordpress\/ -->\n<title>La prensa - Waterfront Holland<\/title>\n<meta name=\"robots\" content=\"index, follow, max-snippet:-1, max-image-preview:large, max-video-preview:-1\" \/>\n<link rel=\"canonical\" href=\"https:\/\/waterfrontholland.org\/es\/la-prensa\/\" \/>\n<meta property=\"og:locale\" content=\"es_ES\" \/>\n<meta property=\"og:type\" content=\"article\" \/>\n<meta property=\"og:title\" content=\"La prensa - Waterfront Holland\" \/>\n<meta property=\"og:description\" content=\"La prensa Informaci\u00f3n adicional y m\u00e1s Hay informaci\u00f3n de antecedentes, comunicados de prensa y videos y fotograf\u00edas disponible para los miembros de los medios de comunicaci\u00f3n y se puede encontrar aqu\u00ed. Favor de dirigir preguntas de los medios de comunicaci\u00f3n a Mark Vanderploeg con la Ciudad de Holland, 616.355.1300.\" \/>\n<meta property=\"og:url\" content=\"https:\/\/waterfrontholland.org\/es\/la-prensa\/\" \/>\n<meta property=\"og:site_name\" content=\"Waterfront Holland\" \/>\n<meta property=\"article:modified_time\" content=\"2018-10-23T06:19:38+00:00\" \/>\n<meta name=\"twitter:card\" content=\"summary_large_image\" \/>\n<meta name=\"twitter:label1\" content=\"Tiempo de lectura\" \/>\n\t<meta name=\"twitter:data1\" content=\"1 minuto\" \/>\n<script type=\"application\/ld+json\" class=\"yoast-schema-graph\">{\"@context\":\"https:\\\/\\\/schema.org\",\"@graph\":[{\"@type\":\"WebPage\",\"@id\":\"https:\\\/\\\/waterfrontholland.org\\\/es\\\/la-prensa\\\/\",\"url\":\"https:\\\/\\\/waterfrontholland.org\\\/es\\\/la-prensa\\\/\",\"name\":\"La prensa - Waterfront Holland\",\"isPartOf\":{\"@id\":\"https:\\\/\\\/waterfrontholland.org\\\/#website\"},\"datePublished\":\"2018-10-23T06:18:46+00:00\",\"dateModified\":\"2018-10-23T06:19:38+00:00\",\"breadcrumb\":{\"@id\":\"https:\\\/\\\/waterfrontholland.org\\\/es\\\/la-prensa\\\/#breadcrumb\"},\"inLanguage\":\"es\",\"potentialAction\":[{\"@type\":\"ReadAction\",\"target\":[\"https:\\\/\\\/waterfrontholland.org\\\/es\\\/la-prensa\\\/\"]}]},{\"@type\":\"BreadcrumbList\",\"@id\":\"https:\\\/\\\/waterfrontholland.org\\\/es\\\/la-prensa\\\/#breadcrumb\",\"itemListElement\":[{\"@type\":\"ListItem\",\"position\":1,\"name\":\"Home\",\"item\":\"https:\\\/\\\/waterfrontholland.org\\\/es\\\/\"},{\"@type\":\"ListItem\",\"position\":2,\"name\":\"La prensa\"}]},{\"@type\":\"WebSite\",\"@id\":\"https:\\\/\\\/waterfrontholland.org\\\/#website\",\"url\":\"https:\\\/\\\/waterfrontholland.org\\\/\",\"name\":\"Waterfront Holland\",\"description\":\"\",\"publisher\":{\"@id\":\"https:\\\/\\\/waterfrontholland.org\\\/#organization\"},\"potentialAction\":[{\"@type\":\"SearchAction\",\"target\":{\"@type\":\"EntryPoint\",\"urlTemplate\":\"https:\\\/\\\/waterfrontholland.org\\\/?s={search_term_string}\"},\"query-input\":{\"@type\":\"PropertyValueSpecification\",\"valueRequired\":true,\"valueName\":\"search_term_string\"}}],\"inLanguage\":\"es\"},{\"@type\":\"Organization\",\"@id\":\"https:\\\/\\\/waterfrontholland.org\\\/#organization\",\"name\":\"Waterfront Holland\",\"url\":\"https:\\\/\\\/waterfrontholland.org\\\/\",\"logo\":{\"@type\":\"ImageObject\",\"inLanguage\":\"es\",\"@id\":\"https:\\\/\\\/waterfrontholland.org\\\/#\\\/schema\\\/logo\\\/image\\\/\",\"url\":\"https:\\\/\\\/waterfrontholland.org\\\/wp-content\\\/uploads\\\/2018\\\/10\\\/waterfront-holland-logo.png\",\"contentUrl\":\"https:\\\/\\\/waterfrontholland.org\\\/wp-content\\\/uploads\\\/2018\\\/10\\\/waterfront-holland-logo.png\",\"width\":378,\"height\":76,\"caption\":\"Waterfront Holland\"},\"image\":{\"@id\":\"https:\\\/\\\/waterfrontholland.org\\\/#\\\/schema\\\/logo\\\/image\\\/\"}}]}<\/script>\n<!-- \/ Yoast SEO plugin. -->","yoast_head_json":{"title":"La prensa - Waterfront Holland","robots":{"index":"index","follow":"follow","max-snippet":"max-snippet:-1","max-image-preview":"max-image-preview:large","max-video-preview":"max-video-preview:-1"},"canonical":"https:\/\/waterfrontholland.org\/es\/la-prensa\/","og_locale":"es_ES","og_type":"article","og_title":"La prensa - Waterfront Holland","og_description":"La prensa Informaci\u00f3n adicional y m\u00e1s Hay informaci\u00f3n de antecedentes, comunicados de prensa y videos y fotograf\u00edas disponible para los miembros de los medios de comunicaci\u00f3n y se puede encontrar aqu\u00ed. Favor de dirigir preguntas de los medios de comunicaci\u00f3n a Mark Vanderploeg con la Ciudad de Holland, 616.355.1300.","og_url":"https:\/\/waterfrontholland.org\/es\/la-prensa\/","og_site_name":"Waterfront Holland","article_modified_time":"2018-10-23T06:19:38+00:00","twitter_card":"summary_large_image","twitter_misc":{"Tiempo de lectura":"1 minuto"},"schema":{"@context":"https:\/\/schema.org","@graph":[{"@type":"WebPage","@id":"https:\/\/waterfrontholland.org\/es\/la-prensa\/","url":"https:\/\/waterfrontholland.org\/es\/la-prensa\/","name":"La prensa - Waterfront Holland","isPartOf":{"@id":"https:\/\/waterfrontholland.org\/#website"},"datePublished":"2018-10-23T06:18:46+00:00","dateModified":"2018-10-23T06:19:38+00:00","breadcrumb":{"@id":"https:\/\/waterfrontholland.org\/es\/la-prensa\/#breadcrumb"},"inLanguage":"es","potentialAction":[{"@type":"ReadAction","target":["https:\/\/waterfrontholland.org\/es\/la-prensa\/"]}]},{"@type":"BreadcrumbList","@id":"https:\/\/waterfrontholland.org\/es\/la-prensa\/#breadcrumb","itemListElement":[{"@type":"ListItem","position":1,"name":"Home","item":"https:\/\/waterfrontholland.org\/es\/"},{"@type":"ListItem","position":2,"name":"La prensa"}]},{"@type":"WebSite","@id":"https:\/\/waterfrontholland.org\/#website","url":"https:\/\/waterfrontholland.org\/","name":"Waterfront Holland","description":"","publisher":{"@id":"https:\/\/waterfrontholland.org\/#organization"},"potentialAction":[{"@type":"SearchAction","target":{"@type":"EntryPoint","urlTemplate":"https:\/\/waterfrontholland.org\/?s={search_term_string}"},"query-input":{"@type":"PropertyValueSpecification","valueRequired":true,"valueName":"search_term_string"}}],"inLanguage":"es"},{"@type":"Organization","@id":"https:\/\/waterfrontholland.org\/#organization","name":"Waterfront Holland","url":"https:\/\/waterfrontholland.org\/","logo":{"@type":"ImageObject","inLanguage":"es","@id":"https:\/\/waterfrontholland.org\/#\/schema\/logo\/image\/","url":"https:\/\/waterfrontholland.org\/wp-content\/uploads\/2018\/10\/waterfront-holland-logo.png","contentUrl":"https:\/\/waterfrontholland.org\/wp-content\/uploads\/2018\/10\/waterfront-holland-logo.png","width":378,"height":76,"caption":"Waterfront Holland"},"image":{"@id":"https:\/\/waterfrontholland.org\/#\/schema\/logo\/image\/"}}]}},"_links":{"self":[{"href":"https:\/\/waterfrontholland.org\/es\/wp-json\/wp\/v2\/pages\/410","targetHints":{"allow":["GET"]}}],"collection":[{"href":"https:\/\/waterfrontholland.org\/es\/wp-json\/wp\/v2\/pages"}],"about":[{"href":"https:\/\/waterfrontholland.org\/es\/wp-json\/wp\/v2\/types\/page"}],"author":[{"embeddable":true,"href":"https:\/\/waterfrontholland.org\/es\/wp-json\/wp\/v2\/users\/2"}],"replies":[{"embeddable":true,"href":"https:\/\/waterfrontholland.org\/es\/wp-json\/wp\/v2\/comments?post=410"}],"version-history":[{"count":0,"href":"https:\/\/waterfrontholland.org\/es\/wp-json\/wp\/v2\/pages\/410\/revisions"}],"wp:attachment":[{"href":"https:\/\/waterfrontholland.org\/es\/wp-json\/wp\/v2\/media?parent=410"}],"curies":[{"name":"wp","href":"https:\/\/api.w.org\/{rel}","templated":true}]}}